{"id":24166,"date":"2026-03-12T00:19:29","date_gmt":"2026-03-12T00:19:29","guid":{"rendered":"https:\/\/loughabusiness.ma\/?page_id=24166"},"modified":"2026-03-12T00:23:52","modified_gmt":"2026-03-12T00:23:52","slug":"a-propos","status":"publish","type":"page","link":"https:\/\/loughabusiness.ma\/fr\/a-propos\/","title":{"rendered":"\u00c0 propos"},"content":{"rendered":"<div data-elementor-type=\"wp-page\" data-elementor-id=\"24166\" class=\"elementor elementor-24166\" data-elementor-post-type=\"page\">\n\t\t\t\t<div class=\"elementor-element elementor-element-f8da2a7 e-con-full e-flex e-con e-parent\" data-id=\"f8da2a7\" data-element_type=\"container\" data-e-type=\"container\">\n\t\t\t\t<div class=\"elementor-element elementor-element-2312829 elementor-widget__width-initial elementor-widget elementor-widget-image\" data-id=\"2312829\" data-element_type=\"widget\" data-e-type=\"widget\" data-widget_type=\"image.default\">\n\t\t\t\t\t\t\t\t\t\t\t\t\t\t\t<img loading=\"lazy\" decoding=\"async\" width=\"1519\" height=\"319\" src=\"https:\/\/loughabusiness.ma\/wp-content\/uploads\/2024\/04\/\u062d\u0648\u0644-\u0644\u064f\u063a\u0629.png\" class=\"attachment-full size-full wp-image-14365\" alt=\"\" srcset=\"https:\/\/loughabusiness.ma\/wp-content\/uploads\/2024\/04\/\u062d\u0648\u0644-\u0644\u064f\u063a\u0629.png 1519w, https:\/\/loughabusiness.ma\/wp-content\/uploads\/2024\/04\/\u062d\u0648\u0644-\u0644\u064f\u063a\u0629-300x63.png 300w, https:\/\/loughabusiness.ma\/wp-content\/uploads\/2024\/04\/\u062d\u0648\u0644-\u0644\u064f\u063a\u0629-1024x215.png 1024w, https:\/\/loughabusiness.ma\/wp-content\/uploads\/2024\/04\/\u062d\u0648\u0644-\u0644\u064f\u063a\u0629-768x161.png 768w, https:\/\/loughabusiness.ma\/wp-content\/uploads\/2024\/04\/\u062d\u0648\u0644-\u0644\u064f\u063a\u0629-600x126.png 600w\" sizes=\"auto, (max-width: 1519px) 100vw, 1519px\" >\t\t\t\t\t\t\t\t\t\t\t\t\t\t\t<\/div>\n\t\t\t\t<\/div>\n\t\t\t\t<section class=\"elementor-section elementor-top-section elementor-element elementor-element-455d46be elementor-section-stretched elementor-section-boxed elementor-section-height-default elementor-section-height-default\" data-id=\"455d46be\" data-element_type=\"section\" data-e-type=\"section\" data-settings=\"{&quot;stretch_section&quot;:&quot;section-stretched&quot;}\">\n\t\t\t\t\t\t<div class=\"elementor-container elementor-column-gap-default\">\n\t\t\t\t\t<div class=\"elementor-column elementor-col-33 elementor-top-column elementor-element elementor-element-139acd59\" data-id=\"139acd59\" data-element_type=\"column\" data-e-type=\"column\">\n\t\t\t<div class=\"elementor-widget-wrap elementor-element-populated\">\n\t\t\t\t\t\t<div class=\"elementor-element elementor-element-43ab9294 elementor-widget elementor-widget-image\" data-id=\"43ab9294\" data-element_type=\"widget\" data-e-type=\"widget\" data-widget_type=\"image.default\">\n\t\t\t\t\t\t\t\t\t\t\t\t\t\t\t<img loading=\"lazy\" decoding=\"async\" width=\"460\" height=\"530\" src=\"https:\/\/loughabusiness.ma\/wp-content\/uploads\/2024\/03\/years-of-experience-1.png\" class=\"attachment-full size-full wp-image-14120\" alt=\"years of experience (1)\" srcset=\"https:\/\/loughabusiness.ma\/wp-content\/uploads\/2024\/03\/years-of-experience-1.png 460w, https:\/\/loughabusiness.ma\/wp-content\/uploads\/2024\/03\/years-of-experience-1-260x300.png 260w\" sizes=\"auto, (max-width: 460px) 100vw, 460px\" >\t\t\t\t\t\t\t\t\t\t\t\t\t\t\t<\/div>\n\t\t\t\t\t<\/div>\n\t\t<\/div>\n\t\t\t\t<div class=\"elementor-column elementor-col-33 elementor-top-column elementor-element elementor-element-4a0c8c92\" data-id=\"4a0c8c92\" data-element_type=\"column\" data-e-type=\"column\">\n\t\t\t<div class=\"elementor-widget-wrap elementor-element-populated\">\n\t\t\t\t\t\t<div class=\"elementor-element elementor-element-68587148 elementor-widget elementor-widget-text-editor\" data-id=\"68587148\" data-element_type=\"widget\" data-e-type=\"widget\" data-widget_type=\"text-editor.default\">\n\t\t\t\t\t\t\t\t\tLe premier institut marocain bas\u00e9 sur des programmes de communication\t\t\t\t\t\t\t\t<\/div>\n\t\t\t\t<div class=\"elementor-element elementor-element-58ff5feb elementor-widget elementor-widget-text-editor\" data-id=\"58ff5feb\" data-element_type=\"widget\" data-e-type=\"widget\" data-widget_type=\"text-editor.default\">\n\t\t\t\t\t\t\t\t\t<p>L&#8217;institut <strong>Lougha<\/strong> est le <strong>premier institut marocain<\/strong> qui propose des cours d&#8217;anglais en ligne \u00e0 100%, et le premier institut ax\u00e9 sur les <strong>comp\u00e9tences de communication<\/strong>, avec des enseignants natifs anglophones.<\/p><p>Dans cet environnement, vous d\u00e9velopperez vos comp\u00e9tences en communication gr\u00e2ce \u00e0 des cours en direct avec des enseignants professionnels du monde entier, ainsi que des sessions de conversation en groupe.<\/p>\t\t\t\t\t\t\t\t<\/div>\n\t\t\t\t\t<\/div>\n\t\t<\/div>\n\t\t\t\t<div class=\"elementor-column elementor-col-33 elementor-top-column elementor-element elementor-element-507e3e37\" data-id=\"507e3e37\" data-element_type=\"column\" data-e-type=\"column\">\n\t\t\t<div class=\"elementor-widget-wrap elementor-element-populated\">\n\t\t\t\t\t\t<div class=\"elementor-element elementor-element-3a5ca92e thim-instructor-about elementor-widget thim-counters-box\" data-id=\"3a5ca92e\" data-element_type=\"widget\" data-e-type=\"widget\" data-widget_type=\"thim-counters-box.default\">\n\t\t\t\t<div class=\"elementor-widget-container\">\n\t\t\t\t\t<div class=\"counter-box home-page counter-icon-inherit\"><div class=\"content-box-percentage\"><div class=\"wrap-percentage\">\n\t\t\t\t\t<div class=\"display-percentage\" data-percentage=\"100\">100<\/div><\/div><div class=\"counter-content-container\"><div class=\"counter-box-content\">\u0627\u0644\u0645\u062f\u0631\u0628\u064a\u0646 \u0639\u0628\u0631 \u0627\u0644\u0625\u0646\u062a\u0631\u0646\u062a<\/div><\/div><\/div><\/div>\t\t\t\t<\/div>\n\t\t\t\t<\/div>\n\t\t\t\t<div class=\"elementor-element elementor-element-1c669bcf thim-instructor-about elementor-widget thim-counters-box\" data-id=\"1c669bcf\" data-element_type=\"widget\" data-e-type=\"widget\" data-widget_type=\"thim-counters-box.default\">\n\t\t\t\t<div class=\"elementor-widget-container\">\n\t\t\t\t\t<div class=\"counter-box home-page counter-icon-inherit\"><div class=\"content-box-percentage\"><div class=\"wrap-percentage\">\n\t\t\t\t\t<div class=\"display-percentage\" data-percentage=\"3000\">3000<\/div><\/div><div class=\"counter-content-container\"><div class=\"counter-box-content\">\u0627\u0644\u0637\u0644\u0627\u0628 \u0627\u0644\u0645\u0633\u062c\u0644\u064a\u0646<\/div><\/div><\/div><\/div>\t\t\t\t<\/div>\n\t\t\t\t<\/div>\n\t\t\t\t<div class=\"elementor-element elementor-element-354bd215 thim-instructor-about elementor-widget thim-counters-box\" data-id=\"354bd215\" data-element_type=\"widget\" data-e-type=\"widget\" data-widget_type=\"thim-counters-box.default\">\n\t\t\t\t<div class=\"elementor-widget-container\">\n\t\t\t\t\t<div class=\"counter-box home-page counter-icon-inherit\"><div class=\"content-box-percentage\"><div class=\"wrap-percentage\">\n\t\t\t\t\t<div class=\"display-percentage\" data-percentage=\"1670\">1670<\/div><\/div><div class=\"counter-content-container\"><div class=\"counter-box-content\">\u0627\u0644\u062f\u0631\u0648\u0627\u062a \u0627\u0644\u0645\u0643\u062a\u0645\u0644\u0629<\/div><\/div><\/div><\/div>\t\t\t\t<\/div>\n\t\t\t\t<\/div>\n\t\t\t\t<div class=\"elementor-element elementor-element-10c4192 thim-instructor-about elementor-widget thim-counters-box\" data-id=\"10c4192\" data-element_type=\"widget\" data-e-type=\"widget\" data-widget_type=\"thim-counters-box.default\">\n\t\t\t\t<div class=\"elementor-widget-container\">\n\t\t\t\t\t<div class=\"counter-box home-page counter-icon-inherit\"><div class=\"content-box-percentage\"><div class=\"wrap-percentage\">\n\t\t\t\t\t<div class=\"display-percentage\" data-percentage=\"1670\">1670<\/div><\/div><div class=\"counter-content-container\"><div class=\"counter-box-content\">\u0645\u0639\u062f\u0644 \u0627\u0644\u0631\u0636\u0649<\/div><\/div><\/div><\/div>\t\t\t\t<\/div>\n\t\t\t\t<\/div>\n\t\t\t\t\t<\/div>\n\t\t<\/div>\n\t\t\t\t\t<\/div>\n\t\t<\/section>\n\t\t<div class=\"elementor-element elementor-element-618b917 e-flex e-con-boxed e-con e-parent\" data-id=\"618b917\" data-element_type=\"container\" data-e-type=\"container\">\n\t\t\t\t\t<div class=\"e-con-inner\">\n\t\t\t\t<div class=\"elementor-element elementor-element-de7e940 elementor-widget elementor-widget-heading\" data-id=\"de7e940\" data-element_type=\"widget\" data-e-type=\"widget\" data-widget_type=\"heading.default\">\n\t\t\t\t\t<h2 class=\"elementor-heading-title elementor-size-default\">Nos enseignants et experts<\/h2>\t\t\t\t<\/div>\n\t\t\t\t\t<\/div>\n\t\t\t\t<\/div>\n\t\t<div class=\"elementor-element elementor-element-6089778 e-flex e-con-boxed e-con e-parent\" data-id=\"6089778\" data-element_type=\"container\" data-e-type=\"container\">\n\t\t\t\t\t<div class=\"e-con-inner\">\n\t\t<div class=\"elementor-element elementor-element-4c083a5 e-con-full e-flex e-con e-child\" data-id=\"4c083a5\" data-element_type=\"container\" data-e-type=\"container\">\n\t\t\t\t<div class=\"elementor-element elementor-element-9ef3436 elementor-widget elementor-widget-text-editor\" data-id=\"9ef3436\" data-element_type=\"widget\" data-e-type=\"widget\" data-widget_type=\"text-editor.default\">\n\t\t\t\t\t\t\t\t\t<p>Nous avons les meilleurs enseignants marocains et <strong>locuteurs natifs<\/strong> du monde entier qui vous enseigneront les dialectes et les diff\u00e9rences culturelles.<\/p><p>Nos experts ont \u00e9t\u00e9 \u00e9valu\u00e9s avec une moyenne de <strong>4.7\/5<\/strong> par nos \u00e9tudiants.<\/p>\t\t\t\t\t\t\t\t<\/div>\n\t\t\t\t<\/div>\n\t\t<div class=\"elementor-element elementor-element-b188b2c e-con-full e-flex e-con e-child\" data-id=\"b188b2c\" data-element_type=\"container\" data-e-type=\"container\">\n\t\t\t\t<div class=\"elementor-element elementor-element-489506c elementor-widget elementor-widget-image\" data-id=\"489506c\" data-element_type=\"widget\" data-e-type=\"widget\" data-widget_type=\"image.default\">\n\t\t\t\t\t\t\t\t\t\t\t\t\t\t\t<img loading=\"lazy\" decoding=\"async\" width=\"640\" height=\"427\" src=\"https:\/\/loughabusiness.ma\/wp-content\/uploads\/2024\/12\/online.png\" class=\"attachment-large size-large wp-image-22746\" alt=\"online\" srcset=\"https:\/\/loughabusiness.ma\/wp-content\/uploads\/2024\/12\/online.png 900w, https:\/\/loughabusiness.ma\/wp-content\/uploads\/2024\/12\/online-300x200.png 300w, https:\/\/loughabusiness.ma\/wp-content\/uploads\/2024\/12\/online-768x513.png 768w, https:\/\/loughabusiness.ma\/wp-content\/uploads\/2024\/12\/online-600x401.png 600w\" sizes=\"auto, (max-width: 640px) 100vw, 640px\" >\t\t\t\t\t\t\t\t\t\t\t\t\t\t\t<\/div>\n\t\t\t\t<\/div>\n\t\t\t\t\t<\/div>\n\t\t\t\t<\/div>\n\t\t<div class=\"elementor-element elementor-element-3de779b e-flex e-con-boxed e-con e-parent\" data-id=\"3de779b\" data-element_type=\"container\" data-e-type=\"container\">\n\t\t\t\t\t<div class=\"e-con-inner\">\n\t\t\t\t<div class=\"elementor-element elementor-element-41cc708 elementor-widget elementor-widget-heading\" data-id=\"41cc708\" data-element_type=\"widget\" data-e-type=\"widget\" data-widget_type=\"heading.default\">\n\t\t\t\t\t<h2 class=\"elementor-heading-title elementor-size-default\">Pourquoi Lougha ?<\/h2>\t\t\t\t<\/div>\n\t\t\t\t\t<\/div>\n\t\t\t\t<\/div>\n\t\t<div class=\"elementor-element elementor-element-7828a5c e-flex e-con-boxed e-con e-parent\" data-id=\"7828a5c\" data-element_type=\"container\" data-e-type=\"container\">\n\t\t\t\t\t<div class=\"e-con-inner\">\n\t\t<div class=\"elementor-element elementor-element-8686275 e-con-full e-flex e-con e-child\" data-id=\"8686275\" data-element_type=\"container\" data-e-type=\"container\">\n\t\t\t\t<div class=\"elementor-element elementor-element-f5126eb elementor-widget elementor-widget-heading\" data-id=\"f5126eb\" data-element_type=\"widget\" data-e-type=\"widget\" data-widget_type=\"heading.default\">\n\t\t\t\t\t<h3 class=\"elementor-heading-title elementor-size-default\">Notre vision<\/h3>\t\t\t\t<\/div>\n\t\t\t\t<div class=\"elementor-element elementor-element-7129940 elementor-align-center elementor-icon-list--layout-traditional elementor-list-item-link-full_width elementor-widget elementor-widget-icon-list\" data-id=\"7129940\" data-element_type=\"widget\" data-e-type=\"widget\" data-widget_type=\"icon-list.default\">\n\t\t\t\t\t\t\t<ul class=\"elementor-icon-list-items\">\n\t\t\t\t\t\t\t<li class=\"elementor-icon-list-item\">\n\t\t\t\t\t\t\t\t\t\t<span class=\"elementor-icon-list-text\">Enseignement structur\u00e9<\/span>\n\t\t\t\t\t\t\t\t\t<\/li>\n\t\t\t\t\t\t\t\t<li class=\"elementor-icon-list-item\">\n\t\t\t\t\t\t\t\t\t\t<span class=\"elementor-icon-list-text\">Enseignants experts<\/span>\n\t\t\t\t\t\t\t\t\t<\/li>\n\t\t\t\t\t\t\t\t<li class=\"elementor-icon-list-item\">\n\t\t\t\t\t\t\t\t\t\t<span class=\"elementor-icon-list-text\">Apprentissage rapide<\/span>\n\t\t\t\t\t\t\t\t\t<\/li>\n\t\t\t\t\t\t\t\t<li class=\"elementor-icon-list-item\">\n\t\t\t\t\t\t\t\t\t\t<span class=\"elementor-icon-list-text\">D\u00e9veloppez vos comp\u00e9tences de communication<\/span>\n\t\t\t\t\t\t\t\t\t<\/li>\n\t\t\t\t\t\t\t\t<li class=\"elementor-icon-list-item\">\n\t\t\t\t\t\t\t\t\t\t<span class=\"elementor-icon-list-text\">Apprenez l'anglais en ligne et am\u00e9liorez vos comp\u00e9tences gr\u00e2ce \u00e0 nos cours de haute qualit\u00e9 \u2013 tous con\u00e7us pour les apprenants de tous niveaux, du d\u00e9butant au confirm\u00e9. Tout notre contenu est cr\u00e9\u00e9 par des experts en enseignement de l'anglais.<\/span>\n\t\t\t\t\t\t\t\t\t<\/li>\n\t\t\t\t\t\t<\/ul>\n\t\t\t\t\t\t<\/div>\n\t\t\t\t<\/div>\n\t\t<div class=\"elementor-element elementor-element-6a77832 e-con-full e-flex e-con e-child\" data-id=\"6a77832\" data-element_type=\"container\" data-e-type=\"container\">\n\t\t\t\t<div class=\"elementor-element elementor-element-191c224 elementor-widget elementor-widget-heading\" data-id=\"191c224\" data-element_type=\"widget\" data-e-type=\"widget\" data-widget_type=\"heading.default\">\n\t\t\t\t\t<h3 class=\"elementor-heading-title elementor-size-default\">Notre mission<\/h3>\t\t\t\t<\/div>\n\t\t\t\t<div class=\"elementor-element elementor-element-1d05fe7 elementor-align-center elementor-icon-list--layout-traditional elementor-list-item-link-full_width elementor-widget elementor-widget-icon-list\" data-id=\"1d05fe7\" data-element_type=\"widget\" data-e-type=\"widget\" data-widget_type=\"icon-list.default\">\n\t\t\t\t\t\t\t<ul class=\"elementor-icon-list-items\">\n\t\t\t\t\t\t\t<li class=\"elementor-icon-list-item\">\n\t\t\t\t\t\t\t\t\t\t<span class=\"elementor-icon-list-text\">Offrir un environnement 100% riche en anglais<\/span>\n\t\t\t\t\t\t\t\t\t<\/li>\n\t\t\t\t\t\t\t\t<li class=\"elementor-icon-list-item\">\n\t\t\t\t\t\t\t\t\t\t<span class=\"elementor-icon-list-text\">Rendre l'apprentissage de l'anglais facile<\/span>\n\t\t\t\t\t\t\t\t\t<\/li>\n\t\t\t\t\t\t\t\t<li class=\"elementor-icon-list-item\">\n\t\t\t\t\t\t\t\t\t\t<span class=\"elementor-icon-list-text\">Offrir la meilleure exp\u00e9rience de cours d'anglais en ligne au Maroc<\/span>\n\t\t\t\t\t\t\t\t\t<\/li>\n\t\t\t\t\t\t\t\t<li class=\"elementor-icon-list-item\">\n\t\t\t\t\t\t\t\t\t\t<span class=\"elementor-icon-list-text\">Tenir nos promesses et r\u00e9pondre toujours \u00e0 vos attentes.<\/span>\n\t\t\t\t\t\t\t\t\t<\/li>\n\t\t\t\t\t\t<\/ul>\n\t\t\t\t\t\t<\/div>\n\t\t\t\t<\/div>\n\t\t\t\t\t<\/div>\n\t\t\t\t<\/div>\n\t\t\t\t<section class=\"elementor-section elementor-top-section elementor-element elementor-element-4f010f4 elementor-section-boxed elementor-section-height-default elementor-section-height-default\" data-id=\"4f010f4\" data-element_type=\"section\" data-e-type=\"section\" data-settings=\"{&quot;background_background&quot;:&quot;classic&quot;}\">\n\t\t\t\t\t\t<div class=\"elementor-container elementor-column-gap-default\">\n\t\t\t\t\t<div class=\"elementor-column elementor-col-100 elementor-top-column elementor-element elementor-element-1885440d\" data-id=\"1885440d\" data-element_type=\"column\" data-e-type=\"column\">\n\t\t\t<div class=\"elementor-widget-wrap elementor-element-populated\">\n\t\t\t\t\t\t<div class=\"elementor-element elementor-element-4377a684 thim-ekits-heading-text-center elementor-widget thim-ekits-heading elementor-widget-thim-heading\" data-id=\"4377a684\" data-element_type=\"widget\" data-e-type=\"widget\" data-widget_type=\"thim-heading.default\">\n\t\t\t\t<div class=\"elementor-widget-container\">\n\t\t\t\t\t<div class=\"sc_heading text-center\"><h2 class=\"title\">De nouveaux \u00e9tudiants rejoignent chaque jour <\/h2><div class=\"sub-heading\"><p>Nous proposons des cours d'anglais personnalis\u00e9s pour chaque \u00e9tudiant, comprenant des cours particuliers en direct avec nos enseignants professionnels du monde entier, ainsi que des cours de conversation en groupe.<br \/>\nVous pouvez choisir en ligne le type de cours qui vous convient le mieux et commencer \u00e0 apprendre imm\u00e9diatement.<\/p>\n<\/div><\/div>\t\t\t\t<\/div>\n\t\t\t\t<\/div>\n\t\t\t\t<div class=\"elementor-element elementor-element-09466bb elementor-align-center elementor-widget elementor-widget-button\" data-id=\"09466bb\" data-element_type=\"widget\" data-e-type=\"widget\" data-widget_type=\"button.default\">\n\t\t\t\t\t\t\t\t\t\t<a class=\"elementor-button elementor-button-link elementor-size-sm\" href=\"http:\/\/loughabusiness.ma\/fr\/newchallenger\/\">\n\t\t\t\t\t\t<span class=\"elementor-button-content-wrapper\">\n\t\t\t\t\t\t<span class=\"elementor-button-icon\">\n\t\t\t\t<i aria-hidden=\"true\" class=\"tk tk-arrow-down\"><\/i>\t\t\t<\/span>\n\t\t\t\t\t\t\t\t\t<span class=\"elementor-button-text\">Postulez maintenant<\/span>\n\t\t\t\t\t<\/span>\n\t\t\t\t\t<\/a>\n\t\t\t\t\t\t\t\t<\/div>\n\t\t\t\t\t<\/div>\n\t\t<\/div>\n\t\t\t\t\t<\/div>\n\t\t<\/section>\n\t\t\t\t<\/div>","protected":false},"excerpt":{"rendered":"<p>Le premier institut marocain bas\u00e9 sur des programmes de communication L&#8217;institut Lougha est le premier institut marocain qui propose des cours d&#8217;anglais en ligne \u00e0 100%, et le premier institut ax\u00e9 sur les comp\u00e9tences de communication, avec des enseignants natifs &hellip; <\/p>","protected":false},"author":33,"featured_media":0,"parent":0,"menu_order":0,"comment_status":"closed","ping_status":"closed","template":"elementor_header_footer","meta":{"pmpro_default_level":"","footnotes":""},"class_list":["post-24166","page","type-page","status-publish","hentry","pmpro-has-access"],"aioseo_notices":[],"_links":{"self":[{"href":"https:\/\/loughabusiness.ma\/fr\/wp-json\/wp\/v2\/pages\/24166","targetHints":{"allow":["GET"]}}],"collection":[{"href":"https:\/\/loughabusiness.ma\/fr\/wp-json\/wp\/v2\/pages"}],"about":[{"href":"https:\/\/loughabusiness.ma\/fr\/wp-json\/wp\/v2\/types\/page"}],"author":[{"embeddable":true,"href":"https:\/\/loughabusiness.ma\/fr\/wp-json\/wp\/v2\/users\/33"}],"replies":[{"embeddable":true,"href":"https:\/\/loughabusiness.ma\/fr\/wp-json\/wp\/v2\/comments?post=24166"}],"version-history":[{"count":0,"href":"https:\/\/loughabusiness.ma\/fr\/wp-json\/wp\/v2\/pages\/24166\/revisions"}],"wp:attachment":[{"href":"https:\/\/loughabusiness.ma\/fr\/wp-json\/wp\/v2\/media?parent=24166"}],"curies":[{"name":"wp","href":"https:\/\/api.w.org\/{rel}","templated":true}]}}